{"id":425,"date":"2022-09-21T13:27:43","date_gmt":"2022-09-21T13:27:43","guid":{"rendered":"https:\/\/regatta.azevirodaja.hu\/?page_id=425"},"modified":"2022-09-21T13:28:02","modified_gmt":"2022-09-21T13:28:02","slug":"regisztracio","status":"publish","type":"page","link":"https:\/\/wptest.azevirodaja.hu\/en\/regisztracio\/","title":{"rendered":"Regisztr\u00e1ci\u00f3"},"content":{"rendered":"\t\t<div data-elementor-type=\"wp-page\" data-elementor-id=\"425\" class=\"elementor elementor-425\" data-elementor-post-type=\"page\">\n\t\t\t\t\t\t<section class=\"elementor-section elementor-top-section elementor-element elementor-element-18e4311 elementor-section-full_width elementor-section-height-default elementor-section-height-default\" data-id=\"18e4311\" data-element_type=\"section\" data-e-type=\"section\">\n\t\t\t\t\t\t<div class=\"elementor-container elementor-column-gap-default\">\n\t\t\t\t\t<div class=\"elementor-column elementor-col-100 elementor-top-column elementor-element elementor-element-dbbcf1e\" data-id=\"dbbcf1e\" data-element_type=\"column\" data-e-type=\"column\">\n\t\t\t<div class=\"elementor-widget-wrap elementor-element-populated\">\n\t\t\t\t\t\t<div class=\"elementor-element elementor-element-e7296fe elementor-widget elementor-widget-shortcode\" data-id=\"e7296fe\" data-element_type=\"widget\" data-e-type=\"widget\" data-widget_type=\"shortcode.default\">\n\t\t\t\t<div class=\"elementor-widget-container\">\n\t\t\t\t\t\t\t<div class=\"elementor-shortcode\">[ultimatemember form_id=\"421\"]<\/div>\n\t\t\t\t\t\t<\/div>\n\t\t\t\t<\/div>\n\t\t\t\t\t<\/div>\n\t\t<\/div>\n\t\t\t\t\t<\/div>\n\t\t<\/section>\n\t\t\t\t<\/div>\n\t\t","protected":false},"excerpt":{"rendered":"<p>[ultimatemember form_id=&#8221;421&#8243;]<\/p>\n","protected":false},"author":1,"featured_media":0,"parent":0,"menu_order":0,"comment_status":"closed","ping_status":"closed","template":"elementor_canvas","meta":{"_acf_changed":false,"site-sidebar-layout":"no-sidebar","site-content-layout":"page-builder","ast-site-content-layout":"","site-content-style":"default","site-sidebar-style":"default","ast-global-header-display":"","ast-banner-title-visibility":"","ast-main-header-display":"","ast-hfb-above-header-display":"","ast-hfb-below-header-display":"","ast-hfb-mobile-header-display":"","site-post-title":"disabled","ast-breadcrumbs-content":"","ast-featured-img":"disabled","footer-sml-layout":"","theme-transparent-header-meta":"","adv-header-id-meta":"","stick-header-meta":"","header-above-stick-meta":"","header-main-stick-meta":"","header-below-stick-meta":"","astra-migrate-meta-layouts":"default","ast-page-background-enabled":"default","ast-page-background-meta":{"desktop":{"background-color":"var(--ast-global-color-4)","background-image":"","background-repeat":"repeat","background-position":"center center","background-size":"auto","background-attachment":"scroll","background-type":"","background-media":"","overlay-type":"","overlay-color":"","overlay-opacity":"","overlay-gradient":""},"tablet":{"background-color":"","background-image":"","background-repeat":"repeat","background-position":"center center","background-size":"auto","background-attachment":"scroll","background-type":"","background-media":"","overlay-type":"","overlay-color":"","overlay-opacity":"","overlay-gradient":""},"mobile":{"background-color":"","background-image":"","background-repeat":"repeat","background-position":"center center","background-size":"auto","background-attachment":"scroll","background-type":"","background-media":"","overlay-type":"","overlay-color":"","overlay-opacity":"","overlay-gradient":""}},"ast-content-background-meta":{"desktop":{"background-color":"var(--ast-global-color-5)","background-image":"","background-repeat":"repeat","background-position":"center center","background-size":"auto","background-attachment":"scroll","background-type":"","background-media":"","overlay-type":"","overlay-color":"","overlay-opacity":"","overlay-gradient":""},"tablet":{"background-color":"var(--ast-global-color-5)","background-image":"","background-repeat":"repeat","background-position":"center center","background-size":"auto","background-attachment":"scroll","background-type":"","background-media":"","overlay-type":"","overlay-color":"","overlay-opacity":"","overlay-gradient":""},"mobile":{"background-color":"var(--ast-global-color-5)","background-image":"","background-repeat":"repeat","background-position":"center center","background-size":"auto","background-attachment":"scroll","background-type":"","background-media":"","overlay-type":"","overlay-color":"","overlay-opacity":"","overlay-gradient":""}},"footnotes":""},"class_list":["post-425","page","type-page","status-publish","hentry"],"acf":[],"yoast_head":"<!-- This site is optimized with the Yoast SEO plugin v22.8 - https:\/\/yoast.com\/wordpress\/plugins\/seo\/ -->\n<title>Regisztr\u00e1ci\u00f3 - Az \u00c9v Irod\u00e1ja rendezv\u00e9nyek<\/title>\n<meta name=\"robots\" content=\"index, follow, max-snippet:-1, max-image-preview:large, max-video-preview:-1\" \/>\n<link rel=\"canonical\" href=\"https:\/\/wptest.azevirodaja.hu\/en\/regisztracio\/\" \/>\n<meta property=\"og:locale\" content=\"en_US\" \/>\n<meta property=\"og:type\" content=\"article\" \/>\n<meta property=\"og:title\" content=\"Regisztr\u00e1ci\u00f3 - Az \u00c9v Irod\u00e1ja rendezv\u00e9nyek\" \/>\n<meta property=\"og:description\" content=\"[ultimatemember form_id=&#8221;421&#8243;]\" \/>\n<meta property=\"og:url\" content=\"https:\/\/wptest.azevirodaja.hu\/en\/regisztracio\/\" \/>\n<meta property=\"og:site_name\" content=\"Az \u00c9v Irod\u00e1ja rendezv\u00e9nyek\" \/>\n<meta property=\"article:publisher\" content=\"https:\/\/www.facebook.com\/azevirodaja\/\" \/>\n<meta property=\"article:modified_time\" content=\"2022-09-21T13:28:02+00:00\" \/>\n<meta property=\"og:image\" content=\"https:\/\/wptest.azevirodaja.hu\/wp-content\/uploads\/2023\/04\/IMG_3371.png\" \/>\n\t<meta property=\"og:image:width\" content=\"1200\" \/>\n\t<meta property=\"og:image:height\" content=\"675\" \/>\n\t<meta property=\"og:image:type\" content=\"image\/png\" \/>\n<meta name=\"twitter:card\" content=\"summary_large_image\" \/>\n<script type=\"application\/ld+json\" class=\"yoast-schema-graph\">{\"@context\":\"https:\/\/schema.org\",\"@graph\":[{\"@type\":\"WebPage\",\"@id\":\"https:\/\/wptest.azevirodaja.hu\/regisztracio\/\",\"url\":\"https:\/\/wptest.azevirodaja.hu\/regisztracio\/\",\"name\":\"Regisztr\u00e1ci\u00f3 - Az \u00c9v Irod\u00e1ja rendezv\u00e9nyek\",\"isPartOf\":{\"@id\":\"https:\/\/wptest.azevirodaja.hu\/#website\"},\"datePublished\":\"2022-09-21T13:27:43+00:00\",\"dateModified\":\"2022-09-21T13:28:02+00:00\",\"breadcrumb\":{\"@id\":\"https:\/\/wptest.azevirodaja.hu\/regisztracio\/#breadcrumb\"},\"inLanguage\":\"en-US\",\"potentialAction\":[{\"@type\":\"ReadAction\",\"target\":[\"https:\/\/wptest.azevirodaja.hu\/regisztracio\/\"]}]},{\"@type\":\"BreadcrumbList\",\"@id\":\"https:\/\/wptest.azevirodaja.hu\/regisztracio\/#breadcrumb\",\"itemListElement\":[{\"@type\":\"ListItem\",\"position\":1,\"name\":\"Kezd\u0151lap\",\"item\":\"https:\/\/wptest.azevirodaja.hu\/\"},{\"@type\":\"ListItem\",\"position\":2,\"name\":\"Regisztr\u00e1ci\u00f3\"}]},{\"@type\":\"WebSite\",\"@id\":\"https:\/\/wptest.azevirodaja.hu\/#website\",\"url\":\"https:\/\/wptest.azevirodaja.hu\/\",\"name\":\"Az \u00c9v Irod\u00e1ja rendezv\u00e9nyek\",\"description\":\"Az \u00c9v Irod\u00e1ja rendezv\u00e9nyek\",\"publisher\":{\"@id\":\"https:\/\/wptest.azevirodaja.hu\/#organization\"},\"potentialAction\":[{\"@type\":\"SearchAction\",\"target\":{\"@type\":\"EntryPoint\",\"urlTemplate\":\"https:\/\/wptest.azevirodaja.hu\/?s={search_term_string}\"},\"query-input\":\"required name=search_term_string\"}],\"inLanguage\":\"en-US\"},{\"@type\":\"Organization\",\"@id\":\"https:\/\/wptest.azevirodaja.hu\/#organization\",\"name\":\"Az \u00c9v Irod\u00e1ja rendezv\u00e9nyek\",\"url\":\"https:\/\/wptest.azevirodaja.hu\/\",\"logo\":{\"@type\":\"ImageObject\",\"inLanguage\":\"en-US\",\"@id\":\"https:\/\/wptest.azevirodaja.hu\/#\/schema\/logo\/image\/\",\"url\":\"https:\/\/wptest.azevirodaja.hu\/wp-content\/uploads\/2022\/10\/cropped-favico-1.png\",\"contentUrl\":\"https:\/\/wptest.azevirodaja.hu\/wp-content\/uploads\/2022\/10\/cropped-favico-1.png\",\"width\":512,\"height\":512,\"caption\":\"Az \u00c9v Irod\u00e1ja rendezv\u00e9nyek\"},\"image\":{\"@id\":\"https:\/\/wptest.azevirodaja.hu\/#\/schema\/logo\/image\/\"},\"sameAs\":[\"https:\/\/www.facebook.com\/azevirodaja\/\"]}]}<\/script>\n<!-- \/ Yoast SEO plugin. -->","yoast_head_json":{"title":"Regisztr\u00e1ci\u00f3 - Az \u00c9v Irod\u00e1ja rendezv\u00e9nyek","robots":{"index":"index","follow":"follow","max-snippet":"max-snippet:-1","max-image-preview":"max-image-preview:large","max-video-preview":"max-video-preview:-1"},"canonical":"https:\/\/wptest.azevirodaja.hu\/en\/regisztracio\/","og_locale":"en_US","og_type":"article","og_title":"Regisztr\u00e1ci\u00f3 - Az \u00c9v Irod\u00e1ja rendezv\u00e9nyek","og_description":"[ultimatemember form_id=&#8221;421&#8243;]","og_url":"https:\/\/wptest.azevirodaja.hu\/en\/regisztracio\/","og_site_name":"Az \u00c9v Irod\u00e1ja rendezv\u00e9nyek","article_publisher":"https:\/\/www.facebook.com\/azevirodaja\/","article_modified_time":"2022-09-21T13:28:02+00:00","og_image":[{"width":1200,"height":675,"url":"https:\/\/wptest.azevirodaja.hu\/wp-content\/uploads\/2023\/04\/IMG_3371.png","type":"image\/png"}],"twitter_card":"summary_large_image","schema":{"@context":"https:\/\/schema.org","@graph":[{"@type":"WebPage","@id":"https:\/\/wptest.azevirodaja.hu\/regisztracio\/","url":"https:\/\/wptest.azevirodaja.hu\/regisztracio\/","name":"Regisztr\u00e1ci\u00f3 - Az \u00c9v Irod\u00e1ja rendezv\u00e9nyek","isPartOf":{"@id":"https:\/\/wptest.azevirodaja.hu\/#website"},"datePublished":"2022-09-21T13:27:43+00:00","dateModified":"2022-09-21T13:28:02+00:00","breadcrumb":{"@id":"https:\/\/wptest.azevirodaja.hu\/regisztracio\/#breadcrumb"},"inLanguage":"en-US","potentialAction":[{"@type":"ReadAction","target":["https:\/\/wptest.azevirodaja.hu\/regisztracio\/"]}]},{"@type":"BreadcrumbList","@id":"https:\/\/wptest.azevirodaja.hu\/regisztracio\/#breadcrumb","itemListElement":[{"@type":"ListItem","position":1,"name":"Kezd\u0151lap","item":"https:\/\/wptest.azevirodaja.hu\/"},{"@type":"ListItem","position":2,"name":"Regisztr\u00e1ci\u00f3"}]},{"@type":"WebSite","@id":"https:\/\/wptest.azevirodaja.hu\/#website","url":"https:\/\/wptest.azevirodaja.hu\/","name":"Az \u00c9v Irod\u00e1ja rendezv\u00e9nyek","description":"Az \u00c9v Irod\u00e1ja rendezv\u00e9nyek","publisher":{"@id":"https:\/\/wptest.azevirodaja.hu\/#organization"},"potentialAction":[{"@type":"SearchAction","target":{"@type":"EntryPoint","urlTemplate":"https:\/\/wptest.azevirodaja.hu\/?s={search_term_string}"},"query-input":"required name=search_term_string"}],"inLanguage":"en-US"},{"@type":"Organization","@id":"https:\/\/wptest.azevirodaja.hu\/#organization","name":"Az \u00c9v Irod\u00e1ja rendezv\u00e9nyek","url":"https:\/\/wptest.azevirodaja.hu\/","logo":{"@type":"ImageObject","inLanguage":"en-US","@id":"https:\/\/wptest.azevirodaja.hu\/#\/schema\/logo\/image\/","url":"https:\/\/wptest.azevirodaja.hu\/wp-content\/uploads\/2022\/10\/cropped-favico-1.png","contentUrl":"https:\/\/wptest.azevirodaja.hu\/wp-content\/uploads\/2022\/10\/cropped-favico-1.png","width":512,"height":512,"caption":"Az \u00c9v Irod\u00e1ja rendezv\u00e9nyek"},"image":{"@id":"https:\/\/wptest.azevirodaja.hu\/#\/schema\/logo\/image\/"},"sameAs":["https:\/\/www.facebook.com\/azevirodaja\/"]}]}},"_links":{"self":[{"href":"https:\/\/wptest.azevirodaja.hu\/en\/wp-json\/wp\/v2\/pages\/425","targetHints":{"allow":["GET"]}}],"collection":[{"href":"https:\/\/wptest.azevirodaja.hu\/en\/wp-json\/wp\/v2\/pages"}],"about":[{"href":"https:\/\/wptest.azevirodaja.hu\/en\/wp-json\/wp\/v2\/types\/page"}],"author":[{"embeddable":true,"href":"https:\/\/wptest.azevirodaja.hu\/en\/wp-json\/wp\/v2\/users\/1"}],"replies":[{"embeddable":true,"href":"https:\/\/wptest.azevirodaja.hu\/en\/wp-json\/wp\/v2\/comments?post=425"}],"version-history":[{"count":0,"href":"https:\/\/wptest.azevirodaja.hu\/en\/wp-json\/wp\/v2\/pages\/425\/revisions"}],"wp:attachment":[{"href":"https:\/\/wptest.azevirodaja.hu\/en\/wp-json\/wp\/v2\/media?parent=425"}],"curies":[{"name":"wp","href":"https:\/\/api.w.org\/{rel}","templated":true}]}}