{"id":4105,"date":"2023-05-09T10:12:51","date_gmt":"2023-05-09T10:12:51","guid":{"rendered":"https:\/\/wptest.azevirodaja.hu\/?post_type=product&#038;p=4105"},"modified":"2023-05-16T09:15:38","modified_gmt":"2023-05-16T09:15:38","slug":"real-estate-beach-conference-etel-ital","status":"publish","type":"product","link":"https:\/\/wptest.azevirodaja.hu\/en\/product\/real-estate-beach-conference-etel-ital\/","title":{"rendered":"Real Estate Beach Conference \u00e9tel-ital fogyaszt\u00e1s"},"content":{"rendered":"","protected":false},"excerpt":{"rendered":"","protected":false},"author":5,"featured_media":4167,"comment_status":"open","ping_status":"closed","template":"","meta":{"_acf_changed":false,"site-sidebar-layout":"default","site-content-layout":"default","ast-site-content-layout":"","site-content-style":"default","site-sidebar-style":"default","ast-global-header-display":"","ast-banner-title-visibility":"","ast-main-header-display":"","ast-hfb-above-header-display":"","ast-hfb-below-header-display":"","ast-hfb-mobile-header-display":"","site-post-title":"","ast-breadcrumbs-content":"","ast-featured-img":"","footer-sml-layout":"","theme-transparent-header-meta":"default","adv-header-id-meta":"","stick-header-meta":"","header-above-stick-meta":"","header-main-stick-meta":"","header-below-stick-meta":"","astra-migrate-meta-layouts":"default","ast-page-background-enabled":"default","ast-page-background-meta":{"desktop":{"background-color":"var(--ast-global-color-4)","background-image":"","background-repeat":"repeat","background-position":"center center","background-size":"auto","background-attachment":"scroll","background-type":"","background-media":"","overlay-type":"","overlay-color":"","overlay-opacity":"","overlay-gradient":""},"tablet":{"background-color":"","background-image":"","background-repeat":"repeat","background-position":"center center","background-size":"auto","background-attachment":"scroll","background-type":"","background-media":"","overlay-type":"","overlay-color":"","overlay-opacity":"","overlay-gradient":""},"mobile":{"background-color":"","background-image":"","background-repeat":"repeat","background-position":"center center","background-size":"auto","background-attachment":"scroll","background-type":"","background-media":"","overlay-type":"","overlay-color":"","overlay-opacity":"","overlay-gradient":""}},"ast-content-background-meta":{"desktop":{"background-color":"var(--ast-global-color-5)","background-image":"","background-repeat":"repeat","background-position":"center center","background-size":"auto","background-attachment":"scroll","background-type":"","background-media":"","overlay-type":"","overlay-color":"","overlay-opacity":"","overlay-gradient":""},"tablet":{"background-color":"var(--ast-global-color-5)","background-image":"","background-repeat":"repeat","background-position":"center center","background-size":"auto","background-attachment":"scroll","background-type":"","background-media":"","overlay-type":"","overlay-color":"","overlay-opacity":"","overlay-gradient":""},"mobile":{"background-color":"var(--ast-global-color-5)","background-image":"","background-repeat":"repeat","background-position":"center center","background-size":"auto","background-attachment":"scroll","background-type":"","background-media":"","overlay-type":"","overlay-color":"","overlay-opacity":"","overlay-gradient":""}}},"product_brand":[],"product_cat":[74],"product_tag":[],"class_list":{"0":"post-4105","1":"product","2":"type-product","3":"status-publish","4":"has-post-thumbnail","6":"product_cat-ingatlan-regatta","7":"desktop-align-center","8":"tablet-align-left","9":"mobile-align-left","11":"first","12":"instock","13":"taxable","14":"shipping-taxable","15":"purchasable","16":"product-type-simple"},"acf":[],"yoast_head":"<!-- This site is optimized with the Yoast SEO plugin v22.8 - https:\/\/yoast.com\/wordpress\/plugins\/seo\/ -->\n<title>Real Estate Beach Conference \u00e9tel-ital fogyaszt\u00e1s - Az \u00c9v Irod\u00e1ja rendezv\u00e9nyek<\/title>\n<meta name=\"robots\" content=\"index, follow, max-snippet:-1, max-image-preview:large, max-video-preview:-1\" \/>\n<link rel=\"canonical\" href=\"https:\/\/wptest.azevirodaja.hu\/en\/product\/real-estate-beach-conference-etel-ital\/\" \/>\n<meta property=\"og:locale\" content=\"en_US\" \/>\n<meta property=\"og:type\" content=\"article\" \/>\n<meta property=\"og:title\" content=\"Real Estate Beach Conference \u00e9tel-ital fogyaszt\u00e1s - Az \u00c9v Irod\u00e1ja rendezv\u00e9nyek\" \/>\n<meta property=\"og:url\" content=\"https:\/\/wptest.azevirodaja.hu\/en\/product\/real-estate-beach-conference-etel-ital\/\" \/>\n<meta property=\"og:site_name\" content=\"Az \u00c9v Irod\u00e1ja rendezv\u00e9nyek\" \/>\n<meta property=\"article:publisher\" content=\"https:\/\/www.facebook.com\/azevirodaja\/\" \/>\n<meta property=\"article:modified_time\" content=\"2023-05-16T09:15:38+00:00\" \/>\n<meta property=\"og:image\" content=\"https:\/\/wptest.azevirodaja.hu\/wp-content\/uploads\/2023\/05\/resta.png\" \/>\n\t<meta property=\"og:image:width\" content=\"500\" \/>\n\t<meta property=\"og:image:height\" content=\"500\" \/>\n\t<meta property=\"og:image:type\" content=\"image\/png\" \/>\n<meta name=\"twitter:card\" content=\"summary_large_image\" \/>\n<script type=\"application\/ld+json\" class=\"yoast-schema-graph\">{\"@context\":\"https:\/\/schema.org\",\"@graph\":[{\"@type\":\"WebPage\",\"@id\":\"https:\/\/wptest.azevirodaja.hu\/termek\/real-estate-beach-conference-etel-ital\/\",\"url\":\"https:\/\/wptest.azevirodaja.hu\/termek\/real-estate-beach-conference-etel-ital\/\",\"name\":\"Real Estate Beach Conference \u00e9tel-ital fogyaszt\u00e1s - Az \u00c9v Irod\u00e1ja rendezv\u00e9nyek\",\"isPartOf\":{\"@id\":\"https:\/\/wptest.azevirodaja.hu\/#website\"},\"primaryImageOfPage\":{\"@id\":\"https:\/\/wptest.azevirodaja.hu\/termek\/real-estate-beach-conference-etel-ital\/#primaryimage\"},\"image\":{\"@id\":\"https:\/\/wptest.azevirodaja.hu\/termek\/real-estate-beach-conference-etel-ital\/#primaryimage\"},\"thumbnailUrl\":\"https:\/\/wptest.azevirodaja.hu\/wp-content\/uploads\/2023\/05\/resta.png\",\"datePublished\":\"2023-05-09T10:12:51+00:00\",\"dateModified\":\"2023-05-16T09:15:38+00:00\",\"breadcrumb\":{\"@id\":\"https:\/\/wptest.azevirodaja.hu\/termek\/real-estate-beach-conference-etel-ital\/#breadcrumb\"},\"inLanguage\":\"en-US\",\"potentialAction\":[{\"@type\":\"ReadAction\",\"target\":[\"https:\/\/wptest.azevirodaja.hu\/termek\/real-estate-beach-conference-etel-ital\/\"]}]},{\"@type\":\"ImageObject\",\"inLanguage\":\"en-US\",\"@id\":\"https:\/\/wptest.azevirodaja.hu\/termek\/real-estate-beach-conference-etel-ital\/#primaryimage\",\"url\":\"https:\/\/wptest.azevirodaja.hu\/wp-content\/uploads\/2023\/05\/resta.png\",\"contentUrl\":\"https:\/\/wptest.azevirodaja.hu\/wp-content\/uploads\/2023\/05\/resta.png\",\"width\":500,\"height\":500},{\"@type\":\"BreadcrumbList\",\"@id\":\"https:\/\/wptest.azevirodaja.hu\/termek\/real-estate-beach-conference-etel-ital\/#breadcrumb\",\"itemListElement\":[{\"@type\":\"ListItem\",\"position\":1,\"name\":\"Kezd\u0151lap\",\"item\":\"https:\/\/wptest.azevirodaja.hu\/\"},{\"@type\":\"ListItem\",\"position\":2,\"name\":\"\u00dczlet\",\"item\":\"https:\/\/wptest.azevirodaja.hu\/uzlet\/\"},{\"@type\":\"ListItem\",\"position\":3,\"name\":\"Real Estate Beach Conference \u00e9tel-ital fogyaszt\u00e1s\"}]},{\"@type\":\"WebSite\",\"@id\":\"https:\/\/wptest.azevirodaja.hu\/#website\",\"url\":\"https:\/\/wptest.azevirodaja.hu\/\",\"name\":\"Az \u00c9v Irod\u00e1ja rendezv\u00e9nyek\",\"description\":\"Az \u00c9v Irod\u00e1ja rendezv\u00e9nyek\",\"publisher\":{\"@id\":\"https:\/\/wptest.azevirodaja.hu\/#organization\"},\"potentialAction\":[{\"@type\":\"SearchAction\",\"target\":{\"@type\":\"EntryPoint\",\"urlTemplate\":\"https:\/\/wptest.azevirodaja.hu\/?s={search_term_string}\"},\"query-input\":\"required name=search_term_string\"}],\"inLanguage\":\"en-US\"},{\"@type\":\"Organization\",\"@id\":\"https:\/\/wptest.azevirodaja.hu\/#organization\",\"name\":\"Az \u00c9v Irod\u00e1ja rendezv\u00e9nyek\",\"url\":\"https:\/\/wptest.azevirodaja.hu\/\",\"logo\":{\"@type\":\"ImageObject\",\"inLanguage\":\"en-US\",\"@id\":\"https:\/\/wptest.azevirodaja.hu\/#\/schema\/logo\/image\/\",\"url\":\"https:\/\/wptest.azevirodaja.hu\/wp-content\/uploads\/2022\/10\/cropped-favico-1.png\",\"contentUrl\":\"https:\/\/wptest.azevirodaja.hu\/wp-content\/uploads\/2022\/10\/cropped-favico-1.png\",\"width\":512,\"height\":512,\"caption\":\"Az \u00c9v Irod\u00e1ja rendezv\u00e9nyek\"},\"image\":{\"@id\":\"https:\/\/wptest.azevirodaja.hu\/#\/schema\/logo\/image\/\"},\"sameAs\":[\"https:\/\/www.facebook.com\/azevirodaja\/\"]}]}<\/script>\n<!-- \/ Yoast SEO plugin. -->","yoast_head_json":{"title":"Real Estate Beach Conference \u00e9tel-ital fogyaszt\u00e1s - Az \u00c9v Irod\u00e1ja rendezv\u00e9nyek","robots":{"index":"index","follow":"follow","max-snippet":"max-snippet:-1","max-image-preview":"max-image-preview:large","max-video-preview":"max-video-preview:-1"},"canonical":"https:\/\/wptest.azevirodaja.hu\/en\/product\/real-estate-beach-conference-etel-ital\/","og_locale":"en_US","og_type":"article","og_title":"Real Estate Beach Conference \u00e9tel-ital fogyaszt\u00e1s - Az \u00c9v Irod\u00e1ja rendezv\u00e9nyek","og_url":"https:\/\/wptest.azevirodaja.hu\/en\/product\/real-estate-beach-conference-etel-ital\/","og_site_name":"Az \u00c9v Irod\u00e1ja rendezv\u00e9nyek","article_publisher":"https:\/\/www.facebook.com\/azevirodaja\/","article_modified_time":"2023-05-16T09:15:38+00:00","og_image":[{"width":500,"height":500,"url":"https:\/\/wptest.azevirodaja.hu\/wp-content\/uploads\/2023\/05\/resta.png","type":"image\/png"}],"twitter_card":"summary_large_image","schema":{"@context":"https:\/\/schema.org","@graph":[{"@type":"WebPage","@id":"https:\/\/wptest.azevirodaja.hu\/termek\/real-estate-beach-conference-etel-ital\/","url":"https:\/\/wptest.azevirodaja.hu\/termek\/real-estate-beach-conference-etel-ital\/","name":"Real Estate Beach Conference \u00e9tel-ital fogyaszt\u00e1s - Az \u00c9v Irod\u00e1ja rendezv\u00e9nyek","isPartOf":{"@id":"https:\/\/wptest.azevirodaja.hu\/#website"},"primaryImageOfPage":{"@id":"https:\/\/wptest.azevirodaja.hu\/termek\/real-estate-beach-conference-etel-ital\/#primaryimage"},"image":{"@id":"https:\/\/wptest.azevirodaja.hu\/termek\/real-estate-beach-conference-etel-ital\/#primaryimage"},"thumbnailUrl":"https:\/\/wptest.azevirodaja.hu\/wp-content\/uploads\/2023\/05\/resta.png","datePublished":"2023-05-09T10:12:51+00:00","dateModified":"2023-05-16T09:15:38+00:00","breadcrumb":{"@id":"https:\/\/wptest.azevirodaja.hu\/termek\/real-estate-beach-conference-etel-ital\/#breadcrumb"},"inLanguage":"en-US","potentialAction":[{"@type":"ReadAction","target":["https:\/\/wptest.azevirodaja.hu\/termek\/real-estate-beach-conference-etel-ital\/"]}]},{"@type":"ImageObject","inLanguage":"en-US","@id":"https:\/\/wptest.azevirodaja.hu\/termek\/real-estate-beach-conference-etel-ital\/#primaryimage","url":"https:\/\/wptest.azevirodaja.hu\/wp-content\/uploads\/2023\/05\/resta.png","contentUrl":"https:\/\/wptest.azevirodaja.hu\/wp-content\/uploads\/2023\/05\/resta.png","width":500,"height":500},{"@type":"BreadcrumbList","@id":"https:\/\/wptest.azevirodaja.hu\/termek\/real-estate-beach-conference-etel-ital\/#breadcrumb","itemListElement":[{"@type":"ListItem","position":1,"name":"Kezd\u0151lap","item":"https:\/\/wptest.azevirodaja.hu\/"},{"@type":"ListItem","position":2,"name":"\u00dczlet","item":"https:\/\/wptest.azevirodaja.hu\/uzlet\/"},{"@type":"ListItem","position":3,"name":"Real Estate Beach Conference \u00e9tel-ital fogyaszt\u00e1s"}]},{"@type":"WebSite","@id":"https:\/\/wptest.azevirodaja.hu\/#website","url":"https:\/\/wptest.azevirodaja.hu\/","name":"Az \u00c9v Irod\u00e1ja rendezv\u00e9nyek","description":"Az \u00c9v Irod\u00e1ja rendezv\u00e9nyek","publisher":{"@id":"https:\/\/wptest.azevirodaja.hu\/#organization"},"potentialAction":[{"@type":"SearchAction","target":{"@type":"EntryPoint","urlTemplate":"https:\/\/wptest.azevirodaja.hu\/?s={search_term_string}"},"query-input":"required name=search_term_string"}],"inLanguage":"en-US"},{"@type":"Organization","@id":"https:\/\/wptest.azevirodaja.hu\/#organization","name":"Az \u00c9v Irod\u00e1ja rendezv\u00e9nyek","url":"https:\/\/wptest.azevirodaja.hu\/","logo":{"@type":"ImageObject","inLanguage":"en-US","@id":"https:\/\/wptest.azevirodaja.hu\/#\/schema\/logo\/image\/","url":"https:\/\/wptest.azevirodaja.hu\/wp-content\/uploads\/2022\/10\/cropped-favico-1.png","contentUrl":"https:\/\/wptest.azevirodaja.hu\/wp-content\/uploads\/2022\/10\/cropped-favico-1.png","width":512,"height":512,"caption":"Az \u00c9v Irod\u00e1ja rendezv\u00e9nyek"},"image":{"@id":"https:\/\/wptest.azevirodaja.hu\/#\/schema\/logo\/image\/"},"sameAs":["https:\/\/www.facebook.com\/azevirodaja\/"]}]}},"_links":{"self":[{"href":"https:\/\/wptest.azevirodaja.hu\/en\/wp-json\/wp\/v2\/product\/4105","targetHints":{"allow":["GET"]}}],"collection":[{"href":"https:\/\/wptest.azevirodaja.hu\/en\/wp-json\/wp\/v2\/product"}],"about":[{"href":"https:\/\/wptest.azevirodaja.hu\/en\/wp-json\/wp\/v2\/types\/product"}],"author":[{"embeddable":true,"href":"https:\/\/wptest.azevirodaja.hu\/en\/wp-json\/wp\/v2\/users\/5"}],"replies":[{"embeddable":true,"href":"https:\/\/wptest.azevirodaja.hu\/en\/wp-json\/wp\/v2\/comments?post=4105"}],"wp:featuredmedia":[{"embeddable":true,"href":"https:\/\/wptest.azevirodaja.hu\/en\/wp-json\/wp\/v2\/media\/4167"}],"wp:attachment":[{"href":"https:\/\/wptest.azevirodaja.hu\/en\/wp-json\/wp\/v2\/media?parent=4105"}],"wp:term":[{"taxonomy":"product_brand","embeddable":true,"href":"https:\/\/wptest.azevirodaja.hu\/en\/wp-json\/wp\/v2\/product_brand?post=4105"},{"taxonomy":"product_cat","embeddable":true,"href":"https:\/\/wptest.azevirodaja.hu\/en\/wp-json\/wp\/v2\/product_cat?post=4105"},{"taxonomy":"product_tag","embeddable":true,"href":"https:\/\/wptest.azevirodaja.hu\/en\/wp-json\/wp\/v2\/product_tag?post=4105"}],"curies":[{"name":"wp","href":"https:\/\/api.w.org\/{rel}","templated":true}]}}